{"id":1339,"date":"2021-06-07T11:39:26","date_gmt":"2021-06-07T11:39:26","guid":{"rendered":"https:\/\/www.digilinkads.com\/?page_id=1339"},"modified":"2021-11-18T06:13:36","modified_gmt":"2021-11-18T06:13:36","slug":"website-design-development","status":"publish","type":"page","link":"https:\/\/www.digilinkads.com\/vi\/website-design-development\/","title":{"rendered":"Thi\u1ebft k\u1ebf v\u00e0 ph\u00e1t tri\u1ec3n Web"},"content":{"rendered":"<div data-elementor-type=\"wp-page\" data-elementor-id=\"1339\" class=\"elementor elementor-1339\">\n\t\t\t\t\t\t<section class=\"elementor-section elementor-top-section elementor-element elementor-element-e25c914 elementor-section-boxed elementor-section-height-default elementor-section-height-default\" data-id=\"e25c914\" data-element_type=\"section\">\n\t\t\t\t\t\t<div class=\"elementor-container elementor-column-gap-default\">\n\t\t\t\t\t<div class=\"elementor-column elementor-col-100 elementor-top-column elementor-element elementor-element-b2e8426\" data-id=\"b2e8426\" data-element_type=\"column\">\n\t\t\t<div class=\"elementor-widget-wrap elementor-element-populated\">\n\t\t\t\t\t\t<div class=\"elementor-element elementor-element-0fed3ab elementor-widget elementor-widget-text-editor\" data-id=\"0fed3ab\" data-element_type=\"widget\" data-widget_type=\"text-editor.default\">\n\t\t\t\t<div class=\"elementor-widget-container\">\n\t\t\t\t\t\t\t\t\t<p style=\"text-align: center;\">Trang web c\u1ee7a b\u1ea1n \u0111\u00f3ng m\u1ed9t vai tr\u00f2 quan tr\u1ecdng trong vi\u1ec7c t\u1ea1o \u1ea5n t\u01b0\u1ee3ng v\u1ec1 doanh nghi\u1ec7p c\u1ee7a b\u1ea1n. Trang web th\u00e2n thi\u1ec7n v\u1edbi ng\u01b0\u1eddi d\u00f9ng v\u00e0 b\u1eaft m\u1eaft c\u00f3 th\u1ec3 \u0111\u01b0a doanh nghi\u1ec7p c\u1ee7a b\u1ea1n l\u00ean m\u1ed9t t\u1ea7m cao m\u1edbi. Ch\u00fang t\u00f4i c\u00f3 m\u1ed9t \u0111\u1ed9i ng\u0169 chuy\u00ean gia thi\u1ebft k\u1ebf c\u00e1c trang web ngo\u1ea1n m\u1ee5c th\u00fa v\u1ecb, h\u1ea5p d\u1eabn v\u00e0 d\u1ec5 \u0111i\u1ec1u h\u01b0\u1edbng. Ch\u00fang t\u00f4i thi\u1ebft k\u1ebf trang web \u0111\u1ec3 t\u1ea1o s\u1ef1 quan t\u00e2m, khuy\u1ebfn kh\u00edch s\u1ef1 t\u01b0\u01a1ng t\u00e1c v\u00e0 khi\u1ebfn ng\u01b0\u1eddi d\u00f9ng b\u1ecb cu\u1ed1n h\u00fat.<\/p>\t\t\t\t\t\t\t\t<\/div>\n\t\t\t\t<\/div>\n\t\t\t\t\t<\/div>\n\t\t<\/div>\n\t\t\t\t\t<\/div>\n\t\t<\/section>\n\t\t\t\t<section class=\"elementor-section elementor-top-section elementor-element elementor-element-36574a4 elementor-section-boxed elementor-section-height-default elementor-section-height-default\" data-id=\"36574a4\" data-element_type=\"section\">\n\t\t\t\t\t\t<div class=\"elementor-container elementor-column-gap-default\">\n\t\t\t\t\t<div class=\"elementor-column elementor-col-33 elementor-top-column elementor-element elementor-element-0be7d08\" data-id=\"0be7d08\" data-element_type=\"column\">\n\t\t\t<div class=\"elementor-widget-wrap elementor-element-populated\">\n\t\t\t\t\t\t<div class=\"elementor-element elementor-element-86a110d webdesign-development elementor-widget elementor-widget-text-editor\" data-id=\"86a110d\" data-element_type=\"widget\" data-widget_type=\"text-editor.default\">\n\t\t\t\t<div class=\"elementor-widget-container\">\n\t\t\t\t\t\t\t\t\t<div class=\"single_icon\" style=\"text-align: center;\"><img decoding=\"async\" class=\"wp-image-3111 aligncenter\" src=\"https:\/\/www.digilinkads.com\/wp-content\/uploads\/2021\/08\/responsive_website.png\" alt=\"\" width=\"94\" height=\"79\" loading=\"lazy\" \/><\/div>\n<h6 style=\"text-align: center;\"><span style=\"color: #ffcc00;\">Thi\u1ebft k\u1ebf V\u00e0 ph\u00e1t tri\u1ec3n Web<\/span><\/h6>\n<p style=\"text-align: center;\">Nh\u00f3m c\u1ee7a ch\u00fang t\u00f4i chuy\u00ean ph\u00e1t tri\u1ec3n c\u00e1c trang web ho\u1ea1t \u0111\u1ed9ng cho t\u1ea5t c\u1ea3 c\u00e1c lo\u1ea1i thi\u1ebft b\u1ecb v\u00e0 m\u00e0n h\u00ecnh.<\/p>\t\t\t\t\t\t\t\t<\/div>\n\t\t\t\t<\/div>\n\t\t\t\t\t<\/div>\n\t\t<\/div>\n\t\t\t\t<div class=\"elementor-column elementor-col-33 elementor-top-column elementor-element elementor-element-a3ff793\" data-id=\"a3ff793\" data-element_type=\"column\">\n\t\t\t<div class=\"elementor-widget-wrap elementor-element-populated\">\n\t\t\t\t\t\t<div class=\"elementor-element elementor-element-5cacb53 webdesign-development elementor-widget elementor-widget-text-editor\" data-id=\"5cacb53\" data-element_type=\"widget\" data-widget_type=\"text-editor.default\">\n\t\t\t\t<div class=\"elementor-widget-container\">\n\t\t\t\t\t\t\t\t\t<div class=\"single_icon\"><img decoding=\"async\" class=\"wp-image-3031 aligncenter\" src=\"https:\/\/www.digilinkads.com\/wp-content\/uploads\/2021\/08\/e-commerce_website_development.png\" alt=\"\" width=\"80\" height=\"69\" loading=\"lazy\" \/><\/div>\n<h6 style=\"text-align: center;\"><span style=\"color: #ffcc00;\">Thi\u1ebft k\u1ebf v\u00e0 ph\u00e1t tri\u1ec3n \u1ee9ng d\u1ee5ng App<\/span><\/h6>\n<p style=\"text-align: center;\">Ch\u00fang t\u00f4i l\u00e0 chuy\u00ean gia trong vi\u1ec7c thi\u1ebft k\u1ebf v\u00e0 ph\u00e1t tri\u1ec3n c\u00e1c \u1ee9ng d\u1ee5ng web. Ch\u00fang t\u00f4i thi\u1ebft k\u1ebf c\u00e1c \u1ee9ng d\u1ee5ng web th\u00fa v\u1ecb, d\u1ec5 d\u00e0ng cu\u1ed9n qua v\u00e0 khi\u1ebfn ng\u01b0\u1eddi d\u00f9ng quay l\u1ea1i \u0111\u1ec3 bi\u1ebft th\u00eam.<\/p>\t\t\t\t\t\t\t\t<\/div>\n\t\t\t\t<\/div>\n\t\t\t\t\t<\/div>\n\t\t<\/div>\n\t\t\t\t<div class=\"elementor-column elementor-col-33 elementor-top-column elementor-element elementor-element-4b69afc\" data-id=\"4b69afc\" data-element_type=\"column\">\n\t\t\t<div class=\"elementor-widget-wrap elementor-element-populated\">\n\t\t\t\t\t\t<div class=\"elementor-element elementor-element-82e84db webdesign-development elementor-widget elementor-widget-text-editor\" data-id=\"82e84db\" data-element_type=\"widget\" data-widget_type=\"text-editor.default\">\n\t\t\t\t<div class=\"elementor-widget-container\">\n\t\t\t\t\t\t\t\t\t<div class=\"single_icon\"><img decoding=\"async\" class=\"wp-image-3032 aligncenter\" src=\"https:\/\/www.digilinkads.com\/wp-content\/uploads\/2021\/08\/website_maintenance.png\" alt=\"\" width=\"68\" height=\"66\" loading=\"lazy\" \/><\/div>\n<h6 style=\"text-align: center;\"><span style=\"color: #ffcc00;\">B\u1ea3o tr\u00ec Website<\/span><\/h6>\n<p style=\"text-align: center;\">Trang web y\u00eau c\u1ea7u b\u1ea3o tr\u00ec th\u01b0\u1eddng xuy\u00ean \u0111\u1ec3 l\u00e0m vi\u1ec7c hi\u1ec7u qu\u1ea3 v\u00e0 k\u00e9o l\u01b0u l\u01b0\u1ee3ng truy c\u1eadp cao. Nh\u00f3m c\u1ee7a ch\u00fang t\u00f4i cung c\u1ea5p h\u1ed7 tr\u1ee3 th\u01b0\u1eddng xuy\u00ean khi b\u1ea3o tr\u00ec trang web \u0111\u1ec3 gi\u1eef cho s\u1ef1 hi\u1ec7n di\u1ec7n tr\u1ef1c tuy\u1ebfn c\u1ee7a b\u1ea1n nguy\u00ean v\u1eb9n.<\/p>\t\t\t\t\t\t\t\t<\/div>\n\t\t\t\t<\/div>\n\t\t\t\t\t<\/div>\n\t\t<\/div>\n\t\t\t\t\t<\/div>\n\t\t<\/section>\n\t\t\t\t<section class=\"elementor-section elementor-top-section elementor-element elementor-element-1861877 elementor-section-boxed elementor-section-height-default elementor-section-height-default\" data-id=\"1861877\" data-element_type=\"section\">\n\t\t\t\t\t\t<div class=\"elementor-container elementor-column-gap-default\">\n\t\t\t\t\t<div class=\"elementor-column elementor-col-33 elementor-top-column elementor-element elementor-element-a918025\" data-id=\"a918025\" data-element_type=\"column\">\n\t\t\t<div class=\"elementor-widget-wrap elementor-element-populated\">\n\t\t\t\t\t\t<div class=\"elementor-element elementor-element-d373fdb webdesign-development elementor-widget elementor-widget-text-editor\" data-id=\"d373fdb\" data-element_type=\"widget\" data-widget_type=\"text-editor.default\">\n\t\t\t\t<div class=\"elementor-widget-container\">\n\t\t\t\t\t\t\t\t\t<div class=\"single_icon\"><img loading=\"lazy\" decoding=\"async\" class=\"wp-image-3137 aligncenter\" src=\"https:\/\/www.digilinkads.com\/wp-content\/uploads\/2021\/08\/e-commerce_website.png\" alt=\"\" width=\"80\" height=\"85\" \/><\/div>\n<h6 style=\"text-align: center;\"><span style=\"color: #ffcc00;\">Thi\u1ebft k\u1ebf v\u00e0 ph\u00e1t tri\u1ec3n \u1ee9ng d\u1ee5ng App<\/span><\/h6>\n<p style=\"text-align: center;\">Ch\u00fang t\u00f4i l\u00e0 chuy\u00ean gia trong vi\u1ec7c thi\u1ebft k\u1ebf v\u00e0 ph\u00e1t tri\u1ec3n c\u00e1c \u1ee9ng d\u1ee5ng web. Ch\u00fang t\u00f4i thi\u1ebft k\u1ebf c\u00e1c \u1ee9ng d\u1ee5ng web th\u00fa v\u1ecb, d\u1ec5 d\u00e0ng cu\u1ed9n qua v\u00e0 khi\u1ebfn ng\u01b0\u1eddi d\u00f9ng quay l\u1ea1i \u0111\u1ec3 bi\u1ebft th\u00eam.<\/p>\t\t\t\t\t\t\t\t<\/div>\n\t\t\t\t<\/div>\n\t\t\t\t\t<\/div>\n\t\t<\/div>\n\t\t\t\t<div class=\"elementor-column elementor-col-33 elementor-top-column elementor-element elementor-element-f7a7ce8\" data-id=\"f7a7ce8\" data-element_type=\"column\">\n\t\t\t<div class=\"elementor-widget-wrap\">\n\t\t\t\t\t\t\t<\/div>\n\t\t<\/div>\n\t\t\t\t<div class=\"elementor-column elementor-col-33 elementor-top-column elementor-element elementor-element-da4c870\" data-id=\"da4c870\" data-element_type=\"column\">\n\t\t\t<div class=\"elementor-widget-wrap\">\n\t\t\t\t\t\t\t<\/div>\n\t\t<\/div>\n\t\t\t\t\t<\/div>\n\t\t<\/section>\n\t\t\t\t<\/div>","protected":false},"excerpt":{"rendered":"<p>Your website plays a major role in creating an impression about your business. Aneye-catching and user friendly website can take &hellip; <\/p>","protected":false},"author":1,"featured_media":0,"parent":0,"menu_order":0,"comment_status":"closed","ping_status":"closed","template":"","meta":{"footnotes":""},"class_list":["post-1339","page","type-page","status-publish","hentry"],"yoast_head":"<!-- This site is optimized with the Yoast SEO plugin v25.3 - https:\/\/yoast.com\/wordpress\/plugins\/seo\/ -->\n<title>Web Design &amp; Website Developmment by Expert<\/title>\n<meta name=\"description\" content=\"Website design company in India. We are providing mobile friendly web design, User Friendly Responsive website &amp; web development.\" \/>\n<meta name=\"robots\" content=\"index, follow, max-snippet:-1, max-image-preview:large, max-video-preview:-1\" \/>\n<link rel=\"canonical\" href=\"https:\/\/www.digilinkads.com\/vi\/website-design-development\/\" \/>\n<meta property=\"og:locale\" content=\"vi_VN\" \/>\n<meta property=\"og:type\" content=\"article\" \/>\n<meta property=\"og:title\" content=\"Web Design &amp; Website Developmment by Expert\" \/>\n<meta property=\"og:description\" content=\"Website design company in India. We are providing mobile friendly web design, User Friendly Responsive website &amp; web development.\" \/>\n<meta property=\"og:url\" content=\"https:\/\/www.digilinkads.com\/vi\/website-design-development\/\" \/>\n<meta property=\"article:modified_time\" content=\"2021-11-18T06:13:36+00:00\" \/>\n<meta property=\"og:image\" content=\"https:\/\/www.digilinkads.com\/wp-content\/uploads\/2021\/08\/responsive_website.png\" \/>\n<meta name=\"twitter:card\" content=\"summary_large_image\" \/>\n<meta name=\"twitter:label1\" content=\"Est. reading time\" \/>\n\t<meta name=\"twitter:data1\" content=\"2 minutes\" \/>\n<script type=\"application\/ld+json\" class=\"yoast-schema-graph\">{\"@context\":\"https:\/\/schema.org\",\"@graph\":[{\"@type\":\"WebPage\",\"@id\":\"https:\/\/www.digilinkads.com\/website-design-development\/\",\"url\":\"https:\/\/www.digilinkads.com\/website-design-development\/\",\"name\":\"Web Design &amp; Website Developmment by Expert\",\"isPartOf\":{\"@id\":\"https:\/\/www.digilinkads.com\/#website\"},\"primaryImageOfPage\":{\"@id\":\"https:\/\/www.digilinkads.com\/website-design-development\/#primaryimage\"},\"image\":{\"@id\":\"https:\/\/www.digilinkads.com\/website-design-development\/#primaryimage\"},\"thumbnailUrl\":\"https:\/\/www.digilinkads.com\/wp-content\/uploads\/2021\/08\/responsive_website.png\",\"datePublished\":\"2021-06-07T11:39:26+00:00\",\"dateModified\":\"2021-11-18T06:13:36+00:00\",\"description\":\"Website design company in India. We are providing mobile friendly web design, User Friendly Responsive website & web development.\",\"inLanguage\":\"vi\",\"potentialAction\":[{\"@type\":\"ReadAction\",\"target\":[\"https:\/\/www.digilinkads.com\/website-design-development\/\"]}]},{\"@type\":\"ImageObject\",\"inLanguage\":\"vi\",\"@id\":\"https:\/\/www.digilinkads.com\/website-design-development\/#primaryimage\",\"url\":\"https:\/\/www.digilinkads.com\/wp-content\/uploads\/2021\/08\/responsive_website.png\",\"contentUrl\":\"https:\/\/www.digilinkads.com\/wp-content\/uploads\/2021\/08\/responsive_website.png\"},{\"@type\":\"WebSite\",\"@id\":\"https:\/\/www.digilinkads.com\/#website\",\"url\":\"https:\/\/www.digilinkads.com\/\",\"name\":\"\",\"description\":\"\",\"publisher\":{\"@id\":\"https:\/\/www.digilinkads.com\/#organization\"},\"potentialAction\":[{\"@type\":\"SearchAction\",\"target\":{\"@type\":\"EntryPoint\",\"urlTemplate\":\"https:\/\/www.digilinkads.com\/?s={search_term_string}\"},\"query-input\":{\"@type\":\"PropertyValueSpecification\",\"valueRequired\":true,\"valueName\":\"search_term_string\"}}],\"inLanguage\":\"vi\"},{\"@type\":\"Organization\",\"@id\":\"https:\/\/www.digilinkads.com\/#organization\",\"name\":\"Digilink Ads\",\"url\":\"https:\/\/www.digilinkads.com\/\",\"logo\":{\"@type\":\"ImageObject\",\"inLanguage\":\"vi\",\"@id\":\"https:\/\/www.digilinkads.com\/#\/schema\/logo\/image\/\",\"url\":\"https:\/\/www.digilinkads.com\/wp-content\/uploads\/2021\/06\/logo.png\",\"contentUrl\":\"https:\/\/www.digilinkads.com\/wp-content\/uploads\/2021\/06\/logo.png\",\"width\":255,\"height\":188,\"caption\":\"Digilink Ads\"},\"image\":{\"@id\":\"https:\/\/www.digilinkads.com\/#\/schema\/logo\/image\/\"}}]}<\/script>\n<!-- \/ Yoast SEO plugin. -->","yoast_head_json":{"title":"Web Design &amp; Website Developmment by Expert","description":"Website design company in India. We are providing mobile friendly web design, User Friendly Responsive website & web development.","robots":{"index":"index","follow":"follow","max-snippet":"max-snippet:-1","max-image-preview":"max-image-preview:large","max-video-preview":"max-video-preview:-1"},"canonical":"https:\/\/www.digilinkads.com\/vi\/website-design-development\/","og_locale":"vi_VN","og_type":"article","og_title":"Web Design &amp; Website Developmment by Expert","og_description":"Website design company in India. We are providing mobile friendly web design, User Friendly Responsive website & web development.","og_url":"https:\/\/www.digilinkads.com\/vi\/website-design-development\/","article_modified_time":"2021-11-18T06:13:36+00:00","og_image":[{"url":"https:\/\/www.digilinkads.com\/wp-content\/uploads\/2021\/08\/responsive_website.png","type":"","width":"","height":""}],"twitter_card":"summary_large_image","twitter_misc":{"Est. reading time":"2 minutes"},"schema":{"@context":"https:\/\/schema.org","@graph":[{"@type":"WebPage","@id":"https:\/\/www.digilinkads.com\/website-design-development\/","url":"https:\/\/www.digilinkads.com\/website-design-development\/","name":"Web Design &amp; Website Developmment by Expert","isPartOf":{"@id":"https:\/\/www.digilinkads.com\/#website"},"primaryImageOfPage":{"@id":"https:\/\/www.digilinkads.com\/website-design-development\/#primaryimage"},"image":{"@id":"https:\/\/www.digilinkads.com\/website-design-development\/#primaryimage"},"thumbnailUrl":"https:\/\/www.digilinkads.com\/wp-content\/uploads\/2021\/08\/responsive_website.png","datePublished":"2021-06-07T11:39:26+00:00","dateModified":"2021-11-18T06:13:36+00:00","description":"Website design company in India. We are providing mobile friendly web design, User Friendly Responsive website & web development.","inLanguage":"vi","potentialAction":[{"@type":"ReadAction","target":["https:\/\/www.digilinkads.com\/website-design-development\/"]}]},{"@type":"ImageObject","inLanguage":"vi","@id":"https:\/\/www.digilinkads.com\/website-design-development\/#primaryimage","url":"https:\/\/www.digilinkads.com\/wp-content\/uploads\/2021\/08\/responsive_website.png","contentUrl":"https:\/\/www.digilinkads.com\/wp-content\/uploads\/2021\/08\/responsive_website.png"},{"@type":"WebSite","@id":"https:\/\/www.digilinkads.com\/#website","url":"https:\/\/www.digilinkads.com\/","name":"","description":"","publisher":{"@id":"https:\/\/www.digilinkads.com\/#organization"},"potentialAction":[{"@type":"SearchAction","target":{"@type":"EntryPoint","urlTemplate":"https:\/\/www.digilinkads.com\/?s={search_term_string}"},"query-input":{"@type":"PropertyValueSpecification","valueRequired":true,"valueName":"search_term_string"}}],"inLanguage":"vi"},{"@type":"Organization","@id":"https:\/\/www.digilinkads.com\/#organization","name":"Digilink Ads","url":"https:\/\/www.digilinkads.com\/","logo":{"@type":"ImageObject","inLanguage":"vi","@id":"https:\/\/www.digilinkads.com\/#\/schema\/logo\/image\/","url":"https:\/\/www.digilinkads.com\/wp-content\/uploads\/2021\/06\/logo.png","contentUrl":"https:\/\/www.digilinkads.com\/wp-content\/uploads\/2021\/06\/logo.png","width":255,"height":188,"caption":"Digilink Ads"},"image":{"@id":"https:\/\/www.digilinkads.com\/#\/schema\/logo\/image\/"}}]}},"_links":{"self":[{"href":"https:\/\/www.digilinkads.com\/vi\/wp-json\/wp\/v2\/pages\/1339"}],"collection":[{"href":"https:\/\/www.digilinkads.com\/vi\/wp-json\/wp\/v2\/pages"}],"about":[{"href":"https:\/\/www.digilinkads.com\/vi\/wp-json\/wp\/v2\/types\/page"}],"author":[{"embeddable":true,"href":"https:\/\/www.digilinkads.com\/vi\/wp-json\/wp\/v2\/users\/1"}],"replies":[{"embeddable":true,"href":"https:\/\/www.digilinkads.com\/vi\/wp-json\/wp\/v2\/comments?post=1339"}],"version-history":[{"count":87,"href":"https:\/\/www.digilinkads.com\/vi\/wp-json\/wp\/v2\/pages\/1339\/revisions"}],"predecessor-version":[{"id":3823,"href":"https:\/\/www.digilinkads.com\/vi\/wp-json\/wp\/v2\/pages\/1339\/revisions\/3823"}],"wp:attachment":[{"href":"https:\/\/www.digilinkads.com\/vi\/wp-json\/wp\/v2\/media?parent=1339"}],"curies":[{"name":"wp","href":"https:\/\/api.w.org\/{rel}","templated":true}]}}