{"id":455,"date":"2021-06-01T06:45:03","date_gmt":"2021-06-01T06:45:03","guid":{"rendered":"https:\/\/www.digilinkads.com\/?page_id=455"},"modified":"2021-08-18T10:38:44","modified_gmt":"2021-08-18T10:38:44","slug":"who-is-digilink-ads","status":"publish","type":"page","link":"https:\/\/www.digilinkads.com\/vi\/who-is-digilink-ads\/","title":{"rendered":"Digilinkads l\u00e0 Ai?"},"content":{"rendered":"<div data-elementor-type=\"wp-page\" data-elementor-id=\"455\" class=\"elementor elementor-455\">\n\t\t\t\t\t\t<section class=\"elementor-section elementor-top-section elementor-element elementor-element-17645d4 elementor-section-boxed elementor-section-height-default elementor-section-height-default\" data-id=\"17645d4\" data-element_type=\"section\">\n\t\t\t\t\t\t<div class=\"elementor-container elementor-column-gap-default\">\n\t\t\t\t\t<div class=\"elementor-column elementor-col-100 elementor-top-column elementor-element elementor-element-26ae6bd\" data-id=\"26ae6bd\" data-element_type=\"column\">\n\t\t\t<div class=\"elementor-widget-wrap elementor-element-populated\">\n\t\t\t\t\t\t<div class=\"elementor-element elementor-element-9364414 elementor-widget elementor-widget-text-editor\" data-id=\"9364414\" data-element_type=\"widget\" data-widget_type=\"text-editor.default\">\n\t\t\t\t<div class=\"elementor-widget-container\">\n\t\t\t\t\t\t\t\t\t<h3 style=\"text-align: center;\"><span style=\"color: #f2be00;\">C\u00f4ng vi\u1ec7c c\u1ee7a ch\u00fang t\u00f4i?<\/span><\/h3><p style=\"text-align: center;\">Ti\u1ebfp th\u1ecb k\u1ef9 thu\u1eadt s\u1ed1 \u0111\u00e3 th\u1ec3 hi\u1ec7n s\u1ef1 v\u01b0\u1ee3t tr\u1ed9i r\u00f5 r\u00e0ng so v\u1edbi nh\u1eefng ph\u01b0\u01a1ng ph\u1ee9c ti\u1ebfp th\u1ecb truy\u1ec1n th\u1ed1ng. N\u00f3 c\u00f3 th\u1ec3 h\u1ed7 tr\u1ee3 doanh nghi\u1ec7p ph\u00e1t tri\u1ec3n l\u00ean m\u1ed9t t\u1ea7m cao m\u1edbi n\u1ebfu \u0111\u01b0\u1ee3c s\u1eed d\u1ee5ng m\u1ed9t c\u00e1ch \u0111\u00fang \u0111\u1eafn. Ch\u00fang t\u00f4i t\u1ef1 h\u00e0o l\u00e0 m\u1ed9t trong s\u1ed1 \u00edt nh\u1eefng c\u00f4ng ty ti\u1ebfp th\u1ecb k\u1ef9 thu\u1eadt s\u1ed1 c\u00f3 t\u1ea7m nh\u00ecn, ki\u1ebfn th\u1ee9c v\u00e0 kinh nghi\u1ec7m \u0111\u1ec3 mang l\u1ea1i nh\u1eefng gi\u1ea3i ph\u00e1p t\u1ed1t nh\u1ea5t cho doanh nghi\u1ec7p c\u1ee7a b\u1ea1n. V\u1edbi \u0111\u1ed9i ng\u0169 bao g\u1ed3m c\u00e1c chuy\u00ean gia trong nhi\u1ec1u l\u0129nh v\u1ef1c ti\u1ebfp th\u1ecb k\u1ef9 thu\u1eadt s\u1ed1 kh\u00e1c nhau, ch\u00fang t\u00f4i cam k\u1ebft mang l\u1ea1i nh\u1eefng gi\u1ea3i ph\u00e1p c\u00f4ng ngh\u1ec7 t\u1ed1t nh\u1ea5t v\u00e0 \u0111\u1ea7y s\u00e1ng t\u1ea1o \u0111\u1ec3 gi\u00fap doanh nghi\u1ec7p c\u1ee7a b\u1ea1n \u0111\u01b0\u1ee3c qu\u1ea3ng b\u00e1 th\u00f4ng qua nhi\u1ec1u lo\u1ea1i h\u00ecnh k\u1ef9 thu\u1eadt s\u1ed1 kh\u00e1c nhau.<\/p>\t\t\t\t\t\t\t\t<\/div>\n\t\t\t\t<\/div>\n\t\t\t\t\t<\/div>\n\t\t<\/div>\n\t\t\t\t\t<\/div>\n\t\t<\/section>\n\t\t\t\t<section class=\"elementor-section elementor-top-section elementor-element elementor-element-79a9be6 elementor-section-boxed elementor-section-height-default elementor-section-height-default\" data-id=\"79a9be6\" data-element_type=\"section\">\n\t\t\t\t\t\t<div class=\"elementor-container elementor-column-gap-default\">\n\t\t\t\t\t<div class=\"elementor-column elementor-col-33 elementor-top-column elementor-element elementor-element-25951a3\" data-id=\"25951a3\" data-element_type=\"column\">\n\t\t\t<div class=\"elementor-widget-wrap elementor-element-populated\">\n\t\t\t\t\t\t<div class=\"elementor-element elementor-element-41e1cee what-box elementor-widget elementor-widget-text-editor\" data-id=\"41e1cee\" data-element_type=\"widget\" data-widget_type=\"text-editor.default\">\n\t\t\t\t<div class=\"elementor-widget-container\">\n\t\t\t\t\t\t\t\t\t<h5 style=\"text-align: center;\"><span style=\"color: #f2be00;\">M\u1ee5c ti\u00eau c\u1ee7a ch\u00fang t\u00f4i<\/span><\/h5>\n<p style=\"text-align: center;\">M\u1ee5c ti\u00eau c\u1ee7a ch\u00fang t\u00f4i l\u00e0 gi\u00fap t\u0103ng gi\u00e1 tr\u1ecb th\u01b0\u01a1ng hi\u1ec7u c\u0169ng nh\u01b0 t\u1ea1o n\u00ean nhu c\u1ea7u trong th\u1ecb tr\u01b0\u1eddng cho doanh nghi\u1ec7p c\u1ee7a b\u1ea1n. T\u1ea1o n\u00ean s\u1ef1 k\u1ebft n\u1ed1i kh\u0103ng kh\u00edt gi\u1eefa doanh nghi\u1ec7p v\u1edbi kh\u00e1ch h\u00e0ng l\u00e0 m\u1ee5c ti\u00eau h\u00e0ng \u0111\u1ea7u m\u00e0 ch\u00fang t\u00f4i lu\u00f4n h\u01b0\u1edbng \u0111\u1ebfn.<\/p>\t\t\t\t\t\t\t\t<\/div>\n\t\t\t\t<\/div>\n\t\t\t\t\t<\/div>\n\t\t<\/div>\n\t\t\t\t<div class=\"elementor-column elementor-col-33 elementor-top-column elementor-element elementor-element-f66cd35\" data-id=\"f66cd35\" data-element_type=\"column\">\n\t\t\t<div class=\"elementor-widget-wrap elementor-element-populated\">\n\t\t\t\t\t\t<div class=\"elementor-element elementor-element-045d6c7 what-box elementor-widget elementor-widget-text-editor\" data-id=\"045d6c7\" data-element_type=\"widget\" data-widget_type=\"text-editor.default\">\n\t\t\t\t<div class=\"elementor-widget-container\">\n\t\t\t\t\t\t\t\t\t<h5 style=\"text-align: center;\"><span style=\"color: #f2be00;\">CHI\u1ebeN L\u01af\u1ee2C<\/span><\/h5>\n<p style=\"text-align: center;\">Lu\u00f4n gi\u1eef kh\u00e1ch h\u00e0ng h\u00e0i l\u00f2ng v\u00e0 th\u1ecfa m\u00e3n l\u00e0 m\u1ee5c ti\u00eau ti\u00ean quy\u1ebft c\u1ee7a m\u1ed7i c\u00f4ng ty. Sau t\u1ea5t c\u1ea3, kh\u00e1ch h\u00e0ng l\u00e0 nh\u1eefng ng\u01b0\u1eddi gi\u00fap ch\u00fang ta t\u1ed3n t\u1ea1i. Ch\u00fang t\u00f4i hi\u1ec3u r\u00f5 nh\u1eefng y\u00eau c\u1ea7u c\u1ee7a kh\u00e1ch h\u00e0ng v\u00e0 ti\u1ebfp nh\u1eadn nh\u1eefng \u0111\u00f3ng g\u00f3p c\u1ee7a h\u1ecd \u0111\u1ec3 t\u1ea1o n\u00ean nh\u1eefng chi\u1ebfn l\u01b0\u1ee3c hi\u1ec7u qu\u1ea3 nh\u1ea5t.<\/p>\t\t\t\t\t\t\t\t<\/div>\n\t\t\t\t<\/div>\n\t\t\t\t\t<\/div>\n\t\t<\/div>\n\t\t\t\t<div class=\"elementor-column elementor-col-33 elementor-top-column elementor-element elementor-element-c5d6c62\" data-id=\"c5d6c62\" data-element_type=\"column\">\n\t\t\t<div class=\"elementor-widget-wrap elementor-element-populated\">\n\t\t\t\t\t\t<div class=\"elementor-element elementor-element-ce58d9f what-box elementor-widget elementor-widget-text-editor\" data-id=\"ce58d9f\" data-element_type=\"widget\" data-widget_type=\"text-editor.default\">\n\t\t\t\t<div class=\"elementor-widget-container\">\n\t\t\t\t\t\t\t\t\t<h5 style=\"text-align: center;\"><span style=\"color: #f2be00;\">TH\u1ef0C H\u00c0NH<\/span><\/h5>\n<p style=\"text-align: center;\">L\u1eadp k\u1ebf ho\u1ea1ch v\u00e0 l\u00ean chi\u1ebfn l\u01b0\u1ee3c s\u1ebd kh\u00f4ng mang l\u1ea1i hi\u1ec7u qu\u1ea3 n\u1ebfu kh\u00f4ng l\u00e0m \u0111\u00fang c\u00e1ch. Ch\u00fang t\u00f4i cam k\u1ebft mang l\u1ea1i nh\u1eefng b\u01b0\u1edbc th\u1ef1c h\u00e0nh hi\u1ec7u qu\u1ea3 cho c\u00e1c chi\u1ebfn l\u01b0\u1ee3c \u0111\u1ec3 gi\u00fap doanh nghi\u1ec7p c\u1ee7a b\u1ea1n \u0111\u1ea1t nh\u1eefng ch\u1ec9 ti\u00eau \u0111\u1ec1 ra.<\/p>\t\t\t\t\t\t\t\t<\/div>\n\t\t\t\t<\/div>\n\t\t\t\t\t<\/div>\n\t\t<\/div>\n\t\t\t\t\t<\/div>\n\t\t<\/section>\n\t\t\t\t<\/div>","protected":false},"excerpt":{"rendered":"<p>What we do? A tech-enabled digital marketing agency that provides all sorts of technological and digital solutions. We take pride &hellip; <\/p>","protected":false},"author":1,"featured_media":0,"parent":0,"menu_order":0,"comment_status":"closed","ping_status":"closed","template":"","meta":{"footnotes":""},"class_list":["post-455","page","type-page","status-publish","hentry"],"yoast_head":"<!-- This site is optimized with the Yoast SEO plugin v25.3 - https:\/\/yoast.com\/wordpress\/plugins\/seo\/ -->\n<title>Who is Digilink Ads? -<\/title>\n<meta name=\"robots\" content=\"index, follow, max-snippet:-1, max-image-preview:large, max-video-preview:-1\" \/>\n<link rel=\"canonical\" href=\"https:\/\/www.digilinkads.com\/vi\/who-is-digilink-ads\/\" \/>\n<meta property=\"og:locale\" content=\"vi_VN\" \/>\n<meta property=\"og:type\" content=\"article\" \/>\n<meta property=\"og:title\" content=\"Who is Digilink Ads? -\" \/>\n<meta property=\"og:description\" content=\"What we do? A tech-enabled digital marketing agency that provides all sorts of technological and digital solutions. We take pride &hellip;\" \/>\n<meta property=\"og:url\" content=\"https:\/\/www.digilinkads.com\/vi\/who-is-digilink-ads\/\" \/>\n<meta property=\"article:modified_time\" content=\"2021-08-18T10:38:44+00:00\" \/>\n<meta name=\"twitter:card\" content=\"summary_large_image\" \/>\n<meta name=\"twitter:label1\" content=\"Est. reading time\" \/>\n\t<meta name=\"twitter:data1\" content=\"1 minute\" \/>\n<script type=\"application\/ld+json\" class=\"yoast-schema-graph\">{\"@context\":\"https:\/\/schema.org\",\"@graph\":[{\"@type\":\"WebPage\",\"@id\":\"https:\/\/www.digilinkads.com\/who-is-digilink-ads\/\",\"url\":\"https:\/\/www.digilinkads.com\/who-is-digilink-ads\/\",\"name\":\"Who is Digilink Ads? -\",\"isPartOf\":{\"@id\":\"https:\/\/www.digilinkads.com\/#website\"},\"datePublished\":\"2021-06-01T06:45:03+00:00\",\"dateModified\":\"2021-08-18T10:38:44+00:00\",\"inLanguage\":\"vi\",\"potentialAction\":[{\"@type\":\"ReadAction\",\"target\":[\"https:\/\/www.digilinkads.com\/who-is-digilink-ads\/\"]}]},{\"@type\":\"WebSite\",\"@id\":\"https:\/\/www.digilinkads.com\/#website\",\"url\":\"https:\/\/www.digilinkads.com\/\",\"name\":\"\",\"description\":\"\",\"publisher\":{\"@id\":\"https:\/\/www.digilinkads.com\/#organization\"},\"potentialAction\":[{\"@type\":\"SearchAction\",\"target\":{\"@type\":\"EntryPoint\",\"urlTemplate\":\"https:\/\/www.digilinkads.com\/?s={search_term_string}\"},\"query-input\":{\"@type\":\"PropertyValueSpecification\",\"valueRequired\":true,\"valueName\":\"search_term_string\"}}],\"inLanguage\":\"vi\"},{\"@type\":\"Organization\",\"@id\":\"https:\/\/www.digilinkads.com\/#organization\",\"name\":\"Digilink Ads\",\"url\":\"https:\/\/www.digilinkads.com\/\",\"logo\":{\"@type\":\"ImageObject\",\"inLanguage\":\"vi\",\"@id\":\"https:\/\/www.digilinkads.com\/#\/schema\/logo\/image\/\",\"url\":\"https:\/\/www.digilinkads.com\/wp-content\/uploads\/2021\/06\/logo.png\",\"contentUrl\":\"https:\/\/www.digilinkads.com\/wp-content\/uploads\/2021\/06\/logo.png\",\"width\":255,\"height\":188,\"caption\":\"Digilink Ads\"},\"image\":{\"@id\":\"https:\/\/www.digilinkads.com\/#\/schema\/logo\/image\/\"}}]}<\/script>\n<!-- \/ Yoast SEO plugin. -->","yoast_head_json":{"title":"Who is Digilink Ads? -","robots":{"index":"index","follow":"follow","max-snippet":"max-snippet:-1","max-image-preview":"max-image-preview:large","max-video-preview":"max-video-preview:-1"},"canonical":"https:\/\/www.digilinkads.com\/vi\/who-is-digilink-ads\/","og_locale":"vi_VN","og_type":"article","og_title":"Who is Digilink Ads? -","og_description":"What we do? A tech-enabled digital marketing agency that provides all sorts of technological and digital solutions. We take pride &hellip;","og_url":"https:\/\/www.digilinkads.com\/vi\/who-is-digilink-ads\/","article_modified_time":"2021-08-18T10:38:44+00:00","twitter_card":"summary_large_image","twitter_misc":{"Est. reading time":"1 minute"},"schema":{"@context":"https:\/\/schema.org","@graph":[{"@type":"WebPage","@id":"https:\/\/www.digilinkads.com\/who-is-digilink-ads\/","url":"https:\/\/www.digilinkads.com\/who-is-digilink-ads\/","name":"Who is Digilink Ads? -","isPartOf":{"@id":"https:\/\/www.digilinkads.com\/#website"},"datePublished":"2021-06-01T06:45:03+00:00","dateModified":"2021-08-18T10:38:44+00:00","inLanguage":"vi","potentialAction":[{"@type":"ReadAction","target":["https:\/\/www.digilinkads.com\/who-is-digilink-ads\/"]}]},{"@type":"WebSite","@id":"https:\/\/www.digilinkads.com\/#website","url":"https:\/\/www.digilinkads.com\/","name":"","description":"","publisher":{"@id":"https:\/\/www.digilinkads.com\/#organization"},"potentialAction":[{"@type":"SearchAction","target":{"@type":"EntryPoint","urlTemplate":"https:\/\/www.digilinkads.com\/?s={search_term_string}"},"query-input":{"@type":"PropertyValueSpecification","valueRequired":true,"valueName":"search_term_string"}}],"inLanguage":"vi"},{"@type":"Organization","@id":"https:\/\/www.digilinkads.com\/#organization","name":"Digilink Ads","url":"https:\/\/www.digilinkads.com\/","logo":{"@type":"ImageObject","inLanguage":"vi","@id":"https:\/\/www.digilinkads.com\/#\/schema\/logo\/image\/","url":"https:\/\/www.digilinkads.com\/wp-content\/uploads\/2021\/06\/logo.png","contentUrl":"https:\/\/www.digilinkads.com\/wp-content\/uploads\/2021\/06\/logo.png","width":255,"height":188,"caption":"Digilink Ads"},"image":{"@id":"https:\/\/www.digilinkads.com\/#\/schema\/logo\/image\/"}}]}},"_links":{"self":[{"href":"https:\/\/www.digilinkads.com\/vi\/wp-json\/wp\/v2\/pages\/455"}],"collection":[{"href":"https:\/\/www.digilinkads.com\/vi\/wp-json\/wp\/v2\/pages"}],"about":[{"href":"https:\/\/www.digilinkads.com\/vi\/wp-json\/wp\/v2\/types\/page"}],"author":[{"embeddable":true,"href":"https:\/\/www.digilinkads.com\/vi\/wp-json\/wp\/v2\/users\/1"}],"replies":[{"embeddable":true,"href":"https:\/\/www.digilinkads.com\/vi\/wp-json\/wp\/v2\/comments?post=455"}],"version-history":[{"count":65,"href":"https:\/\/www.digilinkads.com\/vi\/wp-json\/wp\/v2\/pages\/455\/revisions"}],"predecessor-version":[{"id":3245,"href":"https:\/\/www.digilinkads.com\/vi\/wp-json\/wp\/v2\/pages\/455\/revisions\/3245"}],"wp:attachment":[{"href":"https:\/\/www.digilinkads.com\/vi\/wp-json\/wp\/v2\/media?parent=455"}],"curies":[{"name":"wp","href":"https:\/\/api.w.org\/{rel}","templated":true}]}}