{"id":890,"date":"2021-06-05T07:54:33","date_gmt":"2021-06-05T07:54:33","guid":{"rendered":"https:\/\/www.digilinkads.com\/?page_id=890"},"modified":"2021-11-18T06:27:33","modified_gmt":"2021-11-18T06:27:33","slug":"digital-strategy","status":"publish","type":"page","link":"https:\/\/www.digilinkads.com\/vi\/digital-strategy\/","title":{"rendered":"Chi\u1ebfn l\u01b0\u1ee3c s\u1ed1"},"content":{"rendered":"<div data-elementor-type=\"wp-page\" data-elementor-id=\"890\" class=\"elementor elementor-890\">\n\t\t\t\t\t\t<section class=\"elementor-section elementor-top-section elementor-element elementor-element-a292c96 elementor-section-boxed elementor-section-height-default elementor-section-height-default\" data-id=\"a292c96\" data-element_type=\"section\">\n\t\t\t\t\t\t<div class=\"elementor-container elementor-column-gap-default\">\n\t\t\t\t\t<div class=\"elementor-column elementor-col-100 elementor-top-column elementor-element elementor-element-d64f2b9\" data-id=\"d64f2b9\" data-element_type=\"column\">\n\t\t\t<div class=\"elementor-widget-wrap elementor-element-populated\">\n\t\t\t\t\t\t<div class=\"elementor-element elementor-element-a23315a elementor-widget elementor-widget-text-editor\" data-id=\"a23315a\" data-element_type=\"widget\" data-widget_type=\"text-editor.default\">\n\t\t\t\t<div class=\"elementor-widget-container\">\n\t\t\t\t\t\t\t\t\t<p style=\"text-align: center;\">M\u1ed9t chi\u1ebfn l\u01b0\u1ee3c k\u1ef9 thu\u1eadt s\u1ed1 hi\u1ec7u qu\u1ea3 c\u00f3 th\u1ec3 t\u1ea1o ra s\u1ef1 kh\u00e1c bi\u1ec7t khi th\u1ef1c hi\u1ec7n s\u1ef1 hi\u1ec7n di\u1ec7n tr\u1ef1c tuy\u1ebfn. Ch\u00fang t\u00f4i ti\u1ebfn h\u00e0nh ph\u00e2n t\u00edch chi ti\u1ebft \u0111\u1ec3 \u0111\u01b0a ra c\u00e1c chi\u1ebfn l\u01b0\u1ee3c k\u1ef9 thu\u1eadt s\u1ed1 m\u1ea1nh m\u1ebd gi\u00fap b\u1ea1n thi\u1ebft l\u1eadp ch\u1ed7 \u0111\u1ee9ng tr\u00ean th\u1ecb tr\u01b0\u1eddng. Ch\u00fang t\u00f4i chuy\u00ean l\u1eadp k\u1ebf ho\u1ea1ch v\u00e0 chi\u1ebfn l\u01b0\u1ee3c theo c\u00e1ch kh\u00f4ng ch\u1ec9 gi\u00fap b\u1ea1n leo l\u00ean n\u1ea5c thang th\u00e0nh c\u00f4ng m\u00e0 c\u00f2n gi\u00fap duy tr\u00ec v\u1ecb tr\u00ed c\u1ee7a b\u1ea1n. V\u00ec v\u1eady, \u0111\u00e2y kh\u00f4ng ph\u1ea3i l\u00e0 m\u1ed9t ho\u1ea1t \u0111\u1ed9ng m\u1ed9t l\u1ea7n. Ch\u00fang t\u00f4i ti\u1ebfn h\u00e0nh ph\u00e2n t\u00edch th\u01b0\u1eddng xuy\u00ean v\u00e0 \u1ee9ng bi\u1ebfn c\u00e1c chi\u1ebfn l\u01b0\u1ee3c \u0111\u1ec3 gi\u00fap b\u1ea1n v\u01b0\u1ee3t l\u00ean tr\u01b0\u1edbc \u0111\u1ed1i th\u1ee7.<\/p>\t\t\t\t\t\t\t\t<\/div>\n\t\t\t\t<\/div>\n\t\t\t\t\t<\/div>\n\t\t<\/div>\n\t\t\t\t\t<\/div>\n\t\t<\/section>\n\t\t\t\t<section class=\"elementor-section elementor-top-section elementor-element elementor-element-5689eef elementor-section-boxed elementor-section-height-default elementor-section-height-default\" data-id=\"5689eef\" data-element_type=\"section\">\n\t\t\t\t\t\t<div class=\"elementor-container elementor-column-gap-default\">\n\t\t\t\t\t<div class=\"elementor-column elementor-col-33 elementor-top-column elementor-element elementor-element-2c70b56\" data-id=\"2c70b56\" data-element_type=\"column\">\n\t\t\t<div class=\"elementor-widget-wrap elementor-element-populated\">\n\t\t\t\t\t\t<div class=\"elementor-element elementor-element-923604d digital-strategy elementor-widget elementor-widget-text-editor\" data-id=\"923604d\" data-element_type=\"widget\" data-widget_type=\"text-editor.default\">\n\t\t\t\t<div class=\"elementor-widget-container\">\n\t\t\t\t\t\t\t\t\t<div class=\"single_icon\" style=\"text-align: center;\">\n<img decoding=\"async\" class=\"wp-image-3094 aligncenter\" src=\"https:\/\/www.digilinkads.com\/wp-content\/uploads\/2021\/08\/digital_strategy_branding.png\" alt=\"\" width=\"80\" height=\"72\" loading=\"lazy\" \/>\n\n<\/div>\n<h6 style=\"text-align: center;\"><span style=\"color: #ffcc00;\">DIGITAL STRATEGY &amp; BRANDING<\/span><\/h6>\n<p style=\"text-align: center;\">L\u00e0 m\u1ed9t ph\u1ea7n c\u1ee7a chi\u1ebfn l\u01b0\u1ee3c k\u1ef9 thu\u1eadt s\u1ed1 v\u00e0 th\u01b0\u01a1ng hi\u1ec7u, ch\u00fang t\u00f4i s\u1eed d\u1ee5ng nh\u1eefng h\u00ecnh \u1ea3nh v\u00e0 n\u1ed9i dung s\u1ed1ng \u0111\u1ed9ng v\u00e0 th\u00fa v\u1ecb \u0111\u1ec3 thu h\u00fat kh\u00e1ch h\u00e0ng ti\u1ec1m n\u0103ng. Ch\u00fang t\u00f4i c\u0169ng vi\u1ec7n d\u1eabn v\u00e0 khuy\u1ebfn kh\u00edch s\u1ef1 t\u01b0\u01a1ng t\u00e1c v\u1edbi \u0111\u1ed1i t\u01b0\u1ee3ng m\u1ee5c ti\u00eau \u0111\u1ec3 gi\u00fap th\u01b0\u01a1ng hi\u1ec7u k\u1ebft n\u1ed1i v\u1edbi ng\u00e0y c\u00e0ng nhi\u1ec1u ng\u01b0\u1eddi h\u01a1n.<\/p>\t\t\t\t\t\t\t\t<\/div>\n\t\t\t\t<\/div>\n\t\t\t\t\t<\/div>\n\t\t<\/div>\n\t\t\t\t<div class=\"elementor-column elementor-col-33 elementor-top-column elementor-element elementor-element-9a2eabc\" data-id=\"9a2eabc\" data-element_type=\"column\">\n\t\t\t<div class=\"elementor-widget-wrap elementor-element-populated\">\n\t\t\t\t\t\t<div class=\"elementor-element elementor-element-99ce899 digital-strategy elementor-widget elementor-widget-text-editor\" data-id=\"99ce899\" data-element_type=\"widget\" data-widget_type=\"text-editor.default\">\n\t\t\t\t<div class=\"elementor-widget-container\">\n\t\t\t\t\t\t\t\t\t<div class=\"single_icon\" style=\"text-align: center;\"><img decoding=\"async\" class=\"wp-image-2471 aligncenter\" src=\"https:\/\/www.digilinkads.com\/wp-content\/uploads\/2021\/07\/service2-1.png\" alt=\"\" width=\"75\" height=\"51\" loading=\"lazy\" \/><\/div><h6 style=\"text-align: center;\"><span style=\"color: #ffcc00;\">SOCIAL ANALYTICS<\/span><\/h6><p style=\"text-align: center;\">Ch\u00fang t\u00f4i ph\u00e2n t\u00edch m\u00f4 h\u00ecnh h\u00e0nh vi c\u1ee7a kh\u00e1ch h\u00e0ng, s\u1ef1 tham gia, s\u1edf th\u00edch v\u00e0 ph\u1ea3n \u1ee9ng v\u00e0 chia s\u1ebb t\u01b0\u01a1ng t\u1ef1 v\u1edbi c\u00e1c th\u01b0\u01a1ng hi\u1ec7u. \u0110i\u1ec1u n\u00e0y gi\u00fap h\u1ecd x\u00e1c \u0111\u1ecbnh c\u00e1c l\u0129nh v\u1ef1c c\u1ea3i ti\u1ebfn v\u00e0 t\u00ecm c\u00e1ch h\u1ecd c\u00f3 th\u1ec3 k\u1ebft n\u1ed1i t\u1ed1t h\u01a1n v\u1edbi kh\u00e1n gi\u1ea3 c\u1ee7a h\u1ecd.<\/p>\t\t\t\t\t\t\t\t<\/div>\n\t\t\t\t<\/div>\n\t\t\t\t\t<\/div>\n\t\t<\/div>\n\t\t\t\t<div class=\"elementor-column elementor-col-33 elementor-top-column elementor-element elementor-element-62e4f5a\" data-id=\"62e4f5a\" data-element_type=\"column\">\n\t\t\t<div class=\"elementor-widget-wrap elementor-element-populated\">\n\t\t\t\t\t\t<div class=\"elementor-element elementor-element-f3c6dd8 digital-strategy elementor-widget elementor-widget-text-editor\" data-id=\"f3c6dd8\" data-element_type=\"widget\" data-widget_type=\"text-editor.default\">\n\t\t\t\t<div class=\"elementor-widget-container\">\n\t\t\t\t\t\t\t\t\t<div class=\"single_icon\" style=\"text-align: center;\"><img decoding=\"async\" class=\"wp-image-3095 aligncenter\" src=\"https:\/\/www.digilinkads.com\/wp-content\/uploads\/2021\/08\/e-commerce_analyitcs.png\" alt=\"\" width=\"70\" height=\"64\" loading=\"lazy\" \/>\n<\/div>\n<h6 style=\"text-align: center;\"><span style=\"color: #ffcc00;\">E-COMMERCE ANALYTICS<\/span><\/h6>\n<p style=\"text-align: center;\">M\u1ed9t ph\u00e2n t\u00edch chi ti\u1ebft v\u1ec1 trang web th\u01b0\u01a1ng m\u1ea1i \u0111i\u1ec7n t\u1eed c\u1ee7a b\u1ea1n \u0111\u01b0\u1ee3c th\u1ef1c hi\u1ec7n \u0111\u1ec3 cung c\u1ea5p cho b\u1ea1n m\u1ed9t \u00fd t\u01b0\u1edfng c\u00f4ng b\u1eb1ng v\u1ec1 hi\u1ec7u su\u1ea5t v\u00e0 m\u1ee9c \u0111\u1ed9 ph\u1ed5 bi\u1ebfn c\u1ee7a n\u00f3 \u0111\u1ed1i v\u1edbi ng\u01b0\u1eddi d\u00f9ng. Th\u00f4ng tin v\u1ec1 l\u01b0\u1ee3t xem s\u1ea3n ph\u1ea9m, s\u1ed1 l\u1ea7n nh\u1ea5p, giao d\u1ecbch v\u00e0 nhi\u1ec1u chi ti\u1ebft kh\u00e1c \u0111\u01b0\u1ee3c chia s\u1ebb v\u1edbi ch\u1ee7 s\u1edf h\u1eefu th\u01b0\u01a1ng hi\u1ec7u.<\/p>\n\n<\/div>\t\t\t\t\t\t\t\t<\/div>\n\t\t\t\t<\/div>\n\t\t\t\t\t<\/div>\n\t\t<\/div>\n\t\t\t\t\t<\/div>\n\t\t<\/section>\n\t\t\t\t<section class=\"elementor-section elementor-top-section elementor-element elementor-element-9582d4c elementor-section-boxed elementor-section-height-default elementor-section-height-default\" data-id=\"9582d4c\" data-element_type=\"section\">\n\t\t\t\t\t\t<div class=\"elementor-container elementor-column-gap-default\">\n\t\t\t\t\t<div class=\"elementor-column elementor-col-33 elementor-top-column elementor-element elementor-element-a47d925\" data-id=\"a47d925\" data-element_type=\"column\">\n\t\t\t<div class=\"elementor-widget-wrap elementor-element-populated\">\n\t\t\t\t\t\t<div class=\"elementor-element elementor-element-cfdee5b digital-strategy elementor-widget elementor-widget-text-editor\" data-id=\"cfdee5b\" data-element_type=\"widget\" data-widget_type=\"text-editor.default\">\n\t\t\t\t<div class=\"elementor-widget-container\">\n\t\t\t\t\t\t\t\t\t<div class=\"single_icon\" style=\"text-align: center;\"><img loading=\"lazy\" decoding=\"async\" class=\"wp-image-3090 aligncenter\" src=\"https:\/\/www.digilinkads.com\/wp-content\/uploads\/2021\/08\/app_analyitcs.png\" alt=\"\" width=\"73\" height=\"63\" \/><\/div><h6 style=\"text-align: center;\"><span style=\"color: #ffcc00;\">APP ANALYTICS<\/span><\/h6><p style=\"text-align: center;\">Ph\u00e2n t\u00edch \u1ee9ng d\u1ee5ng \u0111\u01b0\u1ee3c th\u1ef1c hi\u1ec7n \u0111\u1ec3 cung c\u1ea5p cho b\u1ea1n c\u00e1i nh\u00ecn s\u00e2u s\u1eafc v\u1ec1 hi\u1ec7u su\u1ea5t c\u1ee7a \u1ee9ng d\u1ee5ng c\u1ee7a b\u1ea1n tr\u00ean c\u00e1c c\u1eeda h\u00e0ng. C\u00e1c c\u00f4ng c\u1ee5 ph\u00e2n t\u00edch \u1ee9ng d\u1ee5ng kh\u00e1c nhau \u0111\u01b0\u1ee3c s\u1eed d\u1ee5ng \u0111\u1ec3 x\u00e1c \u0111\u1ecbnh m\u1ee9c \u0111\u1ed9 tham gia v\u00e0 kh\u1ea3 n\u0103ng s\u1eed d\u1ee5ng c\u1ee7a ng\u01b0\u1eddi d\u00f9ng. C\u00e1c l\u0129nh v\u1ef1c c\u1ea3i ti\u1ebfn \u0111\u01b0\u1ee3c x\u00e1c \u0111\u1ecbnh v\u00e0 ng\u1eabu h\u1ee9ng \u0111\u01b0\u1ee3c th\u1ef1c hi\u1ec7n ph\u00f9 h\u1ee3p.<\/p>\t\t\t\t\t\t\t\t<\/div>\n\t\t\t\t<\/div>\n\t\t\t\t\t<\/div>\n\t\t<\/div>\n\t\t\t\t<div class=\"elementor-column elementor-col-33 elementor-top-column elementor-element elementor-element-384f301\" data-id=\"384f301\" data-element_type=\"column\">\n\t\t\t<div class=\"elementor-widget-wrap elementor-element-populated\">\n\t\t\t\t\t\t<div class=\"elementor-element elementor-element-0814749 digital-strategy elementor-widget elementor-widget-text-editor\" data-id=\"0814749\" data-element_type=\"widget\" data-widget_type=\"text-editor.default\">\n\t\t\t\t<div class=\"elementor-widget-container\">\n\t\t\t\t\t\t\t\t\t<div class=\"single_icon\" style=\"text-align: center;\"><img loading=\"lazy\" decoding=\"async\" class=\"wp-image-3091 aligncenter\" src=\"https:\/\/www.digilinkads.com\/wp-content\/uploads\/2021\/08\/website_analyitcs.png\" alt=\"\" width=\"75\" height=\"76\" srcset=\"https:\/\/www.digilinkads.com\/wp-content\/uploads\/2021\/08\/website_analyitcs.png 170w, https:\/\/www.digilinkads.com\/wp-content\/uploads\/2021\/08\/website_analyitcs-150x150.png 150w, https:\/\/www.digilinkads.com\/wp-content\/uploads\/2021\/08\/website_analyitcs-120x120.png 120w, https:\/\/www.digilinkads.com\/wp-content\/uploads\/2021\/08\/website_analyitcs-12x12.png 12w, https:\/\/www.digilinkads.com\/wp-content\/uploads\/2021\/08\/website_analyitcs-98x98.png 98w, https:\/\/www.digilinkads.com\/wp-content\/uploads\/2021\/08\/website_analyitcs-68x68.png 68w\" sizes=\"(max-width: 75px) 100vw, 75px\" \/>\n<\/div>\n<h6 style=\"text-align: center;\"><span style=\"color: #ffcc00;\">PH\u00c2N T\u00cdCH WEBSITIE<\/span><\/h6>\n<p style=\"text-align: center;\">\u0110i\u1ec1u n\u00e0y li\u00ean quan \u0111\u1ebfn \u0111\u1ed1i chi\u1ebfu, ph\u00e2n t\u00edch v\u00e0 b\u00e1o c\u00e1o d\u1eef li\u1ec7u trang web. Ph\u00e2n t\u00edch n\u00e0y gi\u00fap x\u00e1c \u0111\u1ecbnh c\u00e1c bi\u1ec7n ph\u00e1p \u0111\u1ec3 c\u1ea3i thi\u1ec7n hi\u1ec7u su\u1ea5t c\u1ee7a trang web. Ch\u00fang t\u00f4i cung c\u1ea5p c\u00e1c b\u00e1o c\u00e1o x\u00e1c th\u1ef1c, d\u1ec5 hi\u1ec3u v\u00e0 ch\u1ec9 cung c\u1ea5p th\u00f4ng tin ph\u00f9 h\u1ee3p \u0111\u1ec3 gi\u00fap n\u00e2ng cao hi\u1ec7u su\u1ea5t web c\u1ee7a b\u1ea1n.<\/p>\t\t\t\t\t\t\t\t<\/div>\n\t\t\t\t<\/div>\n\t\t\t\t\t<\/div>\n\t\t<\/div>\n\t\t\t\t<div class=\"elementor-column elementor-col-33 elementor-top-column elementor-element elementor-element-2840116\" data-id=\"2840116\" data-element_type=\"column\">\n\t\t\t<div class=\"elementor-widget-wrap elementor-element-populated\">\n\t\t\t\t\t\t<div class=\"elementor-element elementor-element-b66f8cf digital-strategy elementor-widget elementor-widget-text-editor\" data-id=\"b66f8cf\" data-element_type=\"widget\" data-widget_type=\"text-editor.default\">\n\t\t\t\t<div class=\"elementor-widget-container\">\n\t\t\t\t\t\t\t\t\t<div class=\"single_icon\" style=\"text-align: center;\"><img loading=\"lazy\" decoding=\"async\" class=\"wp-image-3092 aligncenter\" src=\"https:\/\/www.digilinkads.com\/wp-content\/uploads\/2021\/08\/call_tracking_solutions.png\" alt=\"\" width=\"74\" height=\"58\" \/>\n<\/div>\n<h6 style=\"text-align: center;\"><span style=\"color: #ffcc00;\">GI\u1ea2I PH\u00c1P THEO D\u00d5I CU\u1ed8C G\u1eccI<\/span><\/h6>\n<p style=\"text-align: center;\">Theo d\u00f5i cu\u1ed9c g\u1ecdi gi\u00fap r\u1ea5t nhi\u1ec1u trong vi\u1ec7c x\u00e2y d\u1ef1ng c\u01a1 s\u1edf kh\u00e1ch h\u00e0ng m\u1ea1nh m\u1ebd. Ch\u00fang t\u00f4i l\u00e0 chuy\u00ean gia theo d\u00f5i c\u00e1c cu\u1ed9c g\u1ecdi v\u00e0 kh\u00e1ch h\u00e0ng ti\u1ec1m n\u0103ng t\u1eeb c\u1ea3 ti\u1ebfp th\u1ecb tr\u1ef1c tuy\u1ebfn v\u00e0 ngo\u1ea1i tuy\u1ebfn. Ch\u00fang t\u00f4i \u0111\u1ea3m b\u1ea3o r\u1eb1ng b\u1ea1n kh\u00f4ng b\u1ecf l\u1ee1 b\u1ea5t k\u1ef3 kh\u00e1ch h\u00e0ng ti\u1ec1m n\u0103ng n\u00e0o v\u00e0 \u0111\u01b0a n\u00f3 v\u00e0o s\u1eed d\u1ee5ng t\u1ed1i \u01b0u.<\/p>\t\t\t\t\t\t\t\t<\/div>\n\t\t\t\t<\/div>\n\t\t\t\t\t<\/div>\n\t\t<\/div>\n\t\t\t\t\t<\/div>\n\t\t<\/section>\n\t\t\t\t<\/div>","protected":false},"excerpt":{"rendered":"<p>An effective digital strategy can make the whole difference when it comes to making an online presence. We conduct detailed &hellip; <\/p>","protected":false},"author":1,"featured_media":0,"parent":0,"menu_order":0,"comment_status":"closed","ping_status":"closed","template":"","meta":{"footnotes":""},"class_list":["post-890","page","type-page","status-publish","hentry"],"yoast_head":"<!-- This site is optimized with the Yoast SEO plugin v25.3 - https:\/\/yoast.com\/wordpress\/plugins\/seo\/ -->\n<title>Digital Strategy Marketing | Online Marketing Agency<\/title>\n<meta name=\"description\" content=\"Digital Marketing Services: Digilink ads is a digital marketing agency in India that provides digital strategy for various businesses.\" \/>\n<meta name=\"robots\" content=\"index, follow, max-snippet:-1, max-image-preview:large, max-video-preview:-1\" \/>\n<link rel=\"canonical\" href=\"https:\/\/www.digilinkads.com\/vi\/digital-strategy\/\" \/>\n<meta property=\"og:locale\" content=\"vi_VN\" \/>\n<meta property=\"og:type\" content=\"article\" \/>\n<meta property=\"og:title\" content=\"Digital Strategy Marketing | Online Marketing Agency\" \/>\n<meta property=\"og:description\" content=\"Digital Marketing Services: Digilink ads is a digital marketing agency in India that provides digital strategy for various businesses.\" \/>\n<meta property=\"og:url\" content=\"https:\/\/www.digilinkads.com\/vi\/digital-strategy\/\" \/>\n<meta property=\"article:modified_time\" content=\"2021-11-18T06:27:33+00:00\" \/>\n<meta property=\"og:image\" content=\"https:\/\/www.digilinkads.com\/wp-content\/uploads\/2021\/08\/digital_strategy_branding.png\" \/>\n<meta name=\"twitter:card\" content=\"summary_large_image\" \/>\n<meta name=\"twitter:label1\" content=\"Est. reading time\" \/>\n\t<meta name=\"twitter:data1\" content=\"3 minutes\" \/>\n<script type=\"application\/ld+json\" class=\"yoast-schema-graph\">{\"@context\":\"https:\/\/schema.org\",\"@graph\":[{\"@type\":\"WebPage\",\"@id\":\"https:\/\/www.digilinkads.com\/digital-strategy\/\",\"url\":\"https:\/\/www.digilinkads.com\/digital-strategy\/\",\"name\":\"Digital Strategy Marketing | Online Marketing Agency\",\"isPartOf\":{\"@id\":\"https:\/\/www.digilinkads.com\/#website\"},\"primaryImageOfPage\":{\"@id\":\"https:\/\/www.digilinkads.com\/digital-strategy\/#primaryimage\"},\"image\":{\"@id\":\"https:\/\/www.digilinkads.com\/digital-strategy\/#primaryimage\"},\"thumbnailUrl\":\"https:\/\/www.digilinkads.com\/wp-content\/uploads\/2021\/08\/digital_strategy_branding.png\",\"datePublished\":\"2021-06-05T07:54:33+00:00\",\"dateModified\":\"2021-11-18T06:27:33+00:00\",\"description\":\"Digital Marketing Services: Digilink ads is a digital marketing agency in India that provides digital strategy for various businesses.\",\"inLanguage\":\"vi\",\"potentialAction\":[{\"@type\":\"ReadAction\",\"target\":[\"https:\/\/www.digilinkads.com\/digital-strategy\/\"]}]},{\"@type\":\"ImageObject\",\"inLanguage\":\"vi\",\"@id\":\"https:\/\/www.digilinkads.com\/digital-strategy\/#primaryimage\",\"url\":\"https:\/\/www.digilinkads.com\/wp-content\/uploads\/2021\/08\/digital_strategy_branding.png\",\"contentUrl\":\"https:\/\/www.digilinkads.com\/wp-content\/uploads\/2021\/08\/digital_strategy_branding.png\"},{\"@type\":\"WebSite\",\"@id\":\"https:\/\/www.digilinkads.com\/#website\",\"url\":\"https:\/\/www.digilinkads.com\/\",\"name\":\"\",\"description\":\"\",\"publisher\":{\"@id\":\"https:\/\/www.digilinkads.com\/#organization\"},\"potentialAction\":[{\"@type\":\"SearchAction\",\"target\":{\"@type\":\"EntryPoint\",\"urlTemplate\":\"https:\/\/www.digilinkads.com\/?s={search_term_string}\"},\"query-input\":{\"@type\":\"PropertyValueSpecification\",\"valueRequired\":true,\"valueName\":\"search_term_string\"}}],\"inLanguage\":\"vi\"},{\"@type\":\"Organization\",\"@id\":\"https:\/\/www.digilinkads.com\/#organization\",\"name\":\"Digilink Ads\",\"url\":\"https:\/\/www.digilinkads.com\/\",\"logo\":{\"@type\":\"ImageObject\",\"inLanguage\":\"vi\",\"@id\":\"https:\/\/www.digilinkads.com\/#\/schema\/logo\/image\/\",\"url\":\"https:\/\/www.digilinkads.com\/wp-content\/uploads\/2021\/06\/logo.png\",\"contentUrl\":\"https:\/\/www.digilinkads.com\/wp-content\/uploads\/2021\/06\/logo.png\",\"width\":255,\"height\":188,\"caption\":\"Digilink Ads\"},\"image\":{\"@id\":\"https:\/\/www.digilinkads.com\/#\/schema\/logo\/image\/\"}}]}<\/script>\n<!-- \/ Yoast SEO plugin. -->","yoast_head_json":{"title":"Digital Strategy Marketing | Online Marketing Agency","description":"Digital Marketing Services: Digilink ads is a digital marketing agency in India that provides digital strategy for various businesses.","robots":{"index":"index","follow":"follow","max-snippet":"max-snippet:-1","max-image-preview":"max-image-preview:large","max-video-preview":"max-video-preview:-1"},"canonical":"https:\/\/www.digilinkads.com\/vi\/digital-strategy\/","og_locale":"vi_VN","og_type":"article","og_title":"Digital Strategy Marketing | Online Marketing Agency","og_description":"Digital Marketing Services: Digilink ads is a digital marketing agency in India that provides digital strategy for various businesses.","og_url":"https:\/\/www.digilinkads.com\/vi\/digital-strategy\/","article_modified_time":"2021-11-18T06:27:33+00:00","og_image":[{"url":"https:\/\/www.digilinkads.com\/wp-content\/uploads\/2021\/08\/digital_strategy_branding.png","type":"","width":"","height":""}],"twitter_card":"summary_large_image","twitter_misc":{"Est. reading time":"3 minutes"},"schema":{"@context":"https:\/\/schema.org","@graph":[{"@type":"WebPage","@id":"https:\/\/www.digilinkads.com\/digital-strategy\/","url":"https:\/\/www.digilinkads.com\/digital-strategy\/","name":"Digital Strategy Marketing | Online Marketing Agency","isPartOf":{"@id":"https:\/\/www.digilinkads.com\/#website"},"primaryImageOfPage":{"@id":"https:\/\/www.digilinkads.com\/digital-strategy\/#primaryimage"},"image":{"@id":"https:\/\/www.digilinkads.com\/digital-strategy\/#primaryimage"},"thumbnailUrl":"https:\/\/www.digilinkads.com\/wp-content\/uploads\/2021\/08\/digital_strategy_branding.png","datePublished":"2021-06-05T07:54:33+00:00","dateModified":"2021-11-18T06:27:33+00:00","description":"Digital Marketing Services: Digilink ads is a digital marketing agency in India that provides digital strategy for various businesses.","inLanguage":"vi","potentialAction":[{"@type":"ReadAction","target":["https:\/\/www.digilinkads.com\/digital-strategy\/"]}]},{"@type":"ImageObject","inLanguage":"vi","@id":"https:\/\/www.digilinkads.com\/digital-strategy\/#primaryimage","url":"https:\/\/www.digilinkads.com\/wp-content\/uploads\/2021\/08\/digital_strategy_branding.png","contentUrl":"https:\/\/www.digilinkads.com\/wp-content\/uploads\/2021\/08\/digital_strategy_branding.png"},{"@type":"WebSite","@id":"https:\/\/www.digilinkads.com\/#website","url":"https:\/\/www.digilinkads.com\/","name":"","description":"","publisher":{"@id":"https:\/\/www.digilinkads.com\/#organization"},"potentialAction":[{"@type":"SearchAction","target":{"@type":"EntryPoint","urlTemplate":"https:\/\/www.digilinkads.com\/?s={search_term_string}"},"query-input":{"@type":"PropertyValueSpecification","valueRequired":true,"valueName":"search_term_string"}}],"inLanguage":"vi"},{"@type":"Organization","@id":"https:\/\/www.digilinkads.com\/#organization","name":"Digilink Ads","url":"https:\/\/www.digilinkads.com\/","logo":{"@type":"ImageObject","inLanguage":"vi","@id":"https:\/\/www.digilinkads.com\/#\/schema\/logo\/image\/","url":"https:\/\/www.digilinkads.com\/wp-content\/uploads\/2021\/06\/logo.png","contentUrl":"https:\/\/www.digilinkads.com\/wp-content\/uploads\/2021\/06\/logo.png","width":255,"height":188,"caption":"Digilink Ads"},"image":{"@id":"https:\/\/www.digilinkads.com\/#\/schema\/logo\/image\/"}}]}},"_links":{"self":[{"href":"https:\/\/www.digilinkads.com\/vi\/wp-json\/wp\/v2\/pages\/890"}],"collection":[{"href":"https:\/\/www.digilinkads.com\/vi\/wp-json\/wp\/v2\/pages"}],"about":[{"href":"https:\/\/www.digilinkads.com\/vi\/wp-json\/wp\/v2\/types\/page"}],"author":[{"embeddable":true,"href":"https:\/\/www.digilinkads.com\/vi\/wp-json\/wp\/v2\/users\/1"}],"replies":[{"embeddable":true,"href":"https:\/\/www.digilinkads.com\/vi\/wp-json\/wp\/v2\/comments?post=890"}],"version-history":[{"count":53,"href":"https:\/\/www.digilinkads.com\/vi\/wp-json\/wp\/v2\/pages\/890\/revisions"}],"predecessor-version":[{"id":3827,"href":"https:\/\/www.digilinkads.com\/vi\/wp-json\/wp\/v2\/pages\/890\/revisions\/3827"}],"wp:attachment":[{"href":"https:\/\/www.digilinkads.com\/vi\/wp-json\/wp\/v2\/media?parent=890"}],"curies":[{"name":"wp","href":"https:\/\/api.w.org\/{rel}","templated":true}]}}